




{"id":27023,"date":"2017-06-13T14:46:33","date_gmt":"2017-06-13T13:46:33","guid":{"rendered":"https:\/\/camptecnologico.com\/inicio\/?page_id=27023"},"modified":"2018-03-28T10:12:20","modified_gmt":"2018-03-28T09:12:20","slug":"extraescolars","status":"publish","type":"page","link":"https:\/\/camptecnologico.cat\/inicio\/extraescolars\/","title":{"rendered":"Tecnologia educativa i rob\u00f2tica"},"content":{"rendered":"\r\n<p><h4>Un itinerari adaptat de 4 nivells per aprendre amb i sobre tecnologia<\/h4><\/p>\r\n<p>La <strong> Rob\u00f2tica Educativa <\/ strong> i la <strong> Tecnologia Educativa <\/ strong> s\u00f3n el vehicle ideal per motivar els alumnes, els diverteix alhora que els facilita l&#8217;aprenentatge no nom\u00e9s de la inform\u00e0tica sin\u00f3 tamb\u00e9 d&#8217;altres mat\u00e8ries.<\/p>\r\n\r\n<p><img loading=\"lazy\" decoding=\"async\" class=\"alignleft size-full wp-image-21518\" src=\"https:\/\/camptecnologico.com\/inicio\/wp-content\/uploads\/2015\/09\/Grupos-niveles-extraescolares-2016-17.jpg\" alt=\"Grupos-niveles-extraescolares-2016-17\" width=\"741\" height=\"166\" srcset=\"https:\/\/camptecnologico.cat\/inicio\/wp-content\/uploads\/2015\/09\/Grupos-niveles-extraescolares-2016-17.jpg 741w, https:\/\/camptecnologico.cat\/inicio\/wp-content\/uploads\/2015\/09\/Grupos-niveles-extraescolares-2016-17-150x34.jpg 150w, https:\/\/camptecnologico.cat\/inicio\/wp-content\/uploads\/2015\/09\/Grupos-niveles-extraescolares-2016-17-224x50.jpg 224w, https:\/\/camptecnologico.cat\/inicio\/wp-content\/uploads\/2015\/09\/Grupos-niveles-extraescolares-2016-17-350x78.jpg 350w, https:\/\/camptecnologico.cat\/inicio\/wp-content\/uploads\/2015\/09\/Grupos-niveles-extraescolares-2016-17-318x71.jpg 318w, https:\/\/camptecnologico.cat\/inicio\/wp-content\/uploads\/2015\/09\/Grupos-niveles-extraescolares-2016-17-200x45.jpg 200w, https:\/\/camptecnologico.cat\/inicio\/wp-content\/uploads\/2015\/09\/Grupos-niveles-extraescolares-2016-17-113x25.jpg 113w, https:\/\/camptecnologico.cat\/inicio\/wp-content\/uploads\/2015\/09\/Grupos-niveles-extraescolares-2016-17-302x68.jpg 302w, https:\/\/camptecnologico.cat\/inicio\/wp-content\/uploads\/2015\/09\/Grupos-niveles-extraescolares-2016-17-368x82.jpg 368w, https:\/\/camptecnologico.cat\/inicio\/wp-content\/uploads\/2015\/09\/Grupos-niveles-extraescolares-2016-17-420x94.jpg 420w, https:\/\/camptecnologico.cat\/inicio\/wp-content\/uploads\/2015\/09\/Grupos-niveles-extraescolares-2016-17-738x165.jpg 738w\" sizes=\"auto, (max-width: 741px) 100vw, 741px\" \/><\/p>\r\n\r\n<p> Des de 2011 estem introduint als escolars en els seus primers passos en Programaci\u00f3, Rob\u00f2tica i Electr\u00f2nica mitjan\u00e7ant campaments de vacances. <Strong> Des del curs 2012\/2013 <\/ strong> estem en els Centres Educatius amb activitats STEM de tecnologia i rob\u00f2tica educativa que es realitzen en tres formats, amb una durada flexible que va des <strong> una sola jornada <\/ strong> , 1 <strong> trimestre <\/ strong> o el <strong> curs escolar <\/ strong> complet (segons la necessitat dels centres i alumnes). <\/ p>\r\n<P> El <strong> programa d&#8217;Extraescolars de Camp Tecnol\u00f2gic <\/ strong> ofereix la possibilitat de realitzar activitats d&#8217;aprenentatge de rob\u00f2tica i tecnologia durant el curs en el teu propi centre escolar. Si ets membre de l&#8217;AMPA, professor o responsable educatiu d&#8217;un col\u00b7legi sol\u00b7licita informaci\u00f3 sobre la possibilitat d&#8217;impartir <strong> Extraescolars de Tecnologia <\/ strong> en el teu Centre Educatiu, t&#8217;enviarem la informaci\u00f3 detallada dels continguts i tecnologies que utilitzem. Facilitem professor, ordinadors, kits de robots segons edats i tot el necessari per a impartir la extraescolar. <\/p>\r\n<h3> M\u00e9s informaci\u00f3, trucant al 669.806.332 o escrivint a extraescolaresyclubs@camptecnologico.com <\/h3>\r\n\r\n<br \/><br \/><br \/>\r\n<p style=\"margin-bottom:20px;\"><img loading=\"lazy\" decoding=\"async\" src=\"https:\/\/camptecnologico.com\/inicio\/wp-content\/uploads\/Diagrama-niveles-extraescolares-2016-17-cat-1.jpg\" alt=\"\" width=\"745\" height=\"306\" class=\"alignleft size-full wp-image-27042\" srcset=\"https:\/\/camptecnologico.cat\/inicio\/wp-content\/uploads\/Diagrama-niveles-extraescolares-2016-17-cat-1.jpg 745w, https:\/\/camptecnologico.cat\/inicio\/wp-content\/uploads\/Diagrama-niveles-extraescolares-2016-17-cat-1-150x62.jpg 150w, https:\/\/camptecnologico.cat\/inicio\/wp-content\/uploads\/Diagrama-niveles-extraescolares-2016-17-cat-1-224x92.jpg 224w, https:\/\/camptecnologico.cat\/inicio\/wp-content\/uploads\/Diagrama-niveles-extraescolares-2016-17-cat-1-350x144.jpg 350w, https:\/\/camptecnologico.cat\/inicio\/wp-content\/uploads\/Diagrama-niveles-extraescolares-2016-17-cat-1-318x131.jpg 318w, https:\/\/camptecnologico.cat\/inicio\/wp-content\/uploads\/Diagrama-niveles-extraescolares-2016-17-cat-1-200x82.jpg 200w, https:\/\/camptecnologico.cat\/inicio\/wp-content\/uploads\/Diagrama-niveles-extraescolares-2016-17-cat-1-113x46.jpg 113w, https:\/\/camptecnologico.cat\/inicio\/wp-content\/uploads\/Diagrama-niveles-extraescolares-2016-17-cat-1-302x124.jpg 302w, https:\/\/camptecnologico.cat\/inicio\/wp-content\/uploads\/Diagrama-niveles-extraescolares-2016-17-cat-1-368x151.jpg 368w, https:\/\/camptecnologico.cat\/inicio\/wp-content\/uploads\/Diagrama-niveles-extraescolares-2016-17-cat-1-420x173.jpg 420w, https:\/\/camptecnologico.cat\/inicio\/wp-content\/uploads\/Diagrama-niveles-extraescolares-2016-17-cat-1-738x303.jpg 738w\" sizes=\"auto, (max-width: 745px) 100vw, 745px\" \/><\/p>\r\n<div style=\"display: block; position: relative;\">\r\n    <div style=\"padding-top: 56.25%;\">\r\n        <iframe src=\"\/\/players.brightcove.net\/85688292001\/BJBcPTBY_default\/index.html?videoId=5749052296001\" allowfullscreen webkitallowfullscreen mozallowfullscreen style=\"width: 100%; height: 100%; position: absolute; top: 0px; bottom: 0px; right: 0px; left: 0px;\">\r\n        <\/iframe>\r\n    <\/div>\r\n<\/div>\r\n\r\n<h4>Alguns dels millors escoles de tot l&#8217;estat espanyol confien ja en nosaltres <\/h4>\r\n\r\n<p> Durant el curs passat 2015\/2016 hem comptat amb <strong> m\u00e9s de 600 alumnes <\/ strong> a les nostres extraescolars tecnol\u00f2giques al llarg de diverses comunitats aut\u00f2nomes i m\u00e9s d&#8217;una trentena d&#8217;escoles han confiat en nosaltres; alguns dels quals estan entre els 10 millors escoles d&#8217;Espanya segons la llista confeccionada per El Mundo * (<img decoding=\"async\" src=\"https:\/\/camptecnologico.com\/inicio\/wp-content\/uploads\/2016\/09\/badge_colegio-de-calidad.jpg\" alt=\"badge_colegio-de-calidad\" width=\"18\" \/>) <\/p>\r\n<div class=\"colegios\">\r\n<div class=\"widget-title\">\r\n<h1 class=\"nomargin aligncenter\">Euskadi<\/h1>\r\n<\/div>\r\n<div class=\"plan-preview\">\r\n<div class=\"plan-price product-price\"><span class=\"amount\">Bizkaia<\/span><\/div>\r\n<div class=\"plan-description\">\r\n<ul class=\"bordered\">\r\n \t<li>Bego\u00f1azpi <img decoding=\"async\" src=\"https:\/\/camptecnologico.com\/inicio\/wp-content\/uploads\/2016\/09\/badge_colegio-de-calidad.jpg\" alt=\"badge_colegio-de-calidad\" width=\"18\" \/><\/li>\r\n \t<li>Derioko Eskola<\/li>\r\n \t<li>Elizalde<\/li>\r\n \t<li>Escolapios<\/li>\r\n \t<li>Gandasegi<\/li>\r\n \t<li>Ikasbide<\/li>\r\n \t<li>Instituto Saturnino<\/li>\r\n \t<li>Jes\u00fas Mar\u00eda<\/li>\r\n \t<li>Liceo Franc\u00e9s<\/li>\r\n \t<li>Sagrado Coraz\u00f3n<\/li>\r\n \t<li>San Jos\u00e9<\/li>\r\n<\/ul>\r\n<\/div>\r\n<\/div>\r\n<\/div>\r\n<div class=\"colegios nofirst\">\r\n<div class=\"widget-title\">\r\n<h1 class=\"nomargin aligncenter\">Euskadi<\/h1>\r\n<\/div>\r\n<div class=\"plan-preview\">\r\n<div class=\"plan-price product-price\"><span class=\"amount\">Gipuzkoa<\/span><\/div>\r\n<div class=\"plan-description\">\r\n<ul class=\"bordered\">\r\n \t<li>Arizmendi &#8211; MU<\/li>\r\n \t<li>Colegio Alem\u00e1n<\/li>\r\n \t<li>IES Elgoibar<\/li>\r\n \t<li>Orioko Herri Ikastola<\/li>\r\n \t<li>Talaia Hondarribia<\/li>\r\n \t<li>Zaragueta Herri Eskola Orio<\/li>\r\n<\/ul>\r\n<\/div>\r\n<\/div>\r\n<\/div>\r\n<div class=\"colegios nofirst\">\r\n<div class=\"widget-title\">\r\n<h1 class=\"nomargin aligncenter\">Euskadi<\/h1>\r\n<\/div>\r\n<div class=\"plan-preview\">\r\n<div class=\"plan-price product-price\"><span class=\"amount\">Araba<\/span><\/div>\r\n<div class=\"plan-description\">\r\n<ul class=\"bordered\">\r\n \t<li>Artzeniegako Eskola<\/li>\r\n \t<li>BHI Lakua<\/li>\r\n \t<li>Lucas Rei Ikastetxea<\/li>\r\n<\/ul>\r\n<\/div>\r\n<\/div>\r\n<\/div>\r\n<div class=\"colegios nofirst\">\r\n<div class=\"widget-title\">\r\n<h1 class=\"nomargin aligncenter\">Madrid<\/h1>\r\n<\/div>\r\n<div class=\"plan-preview\">\r\n<div class=\"plan-price product-price\"><\/div>\r\n<div class=\"plan-description\">\r\n<ul class=\"bordered\">\r\n \t<li>American Space<\/li>\r\n \t<li>Instituto Paracuellos del Jarama<\/li>\r\n \t<li>Santa Mar\u00eda<\/li>\r\n \t<li>Sant Anne<\/li>\r\n<\/ul>\r\n<\/div>\r\n<\/div>\r\n<\/div>\r\n<div class=\"colegios nofirst\">\r\n<div class=\"widget-title\">\r\n<h1 class=\"nomargin aligncenter\">Catalunya<\/h1>\r\n<\/div>\r\n<div class=\"plan-preview\">\r\n<div class=\"plan-price product-price\"><span class=\"amount\">Barcelona<\/span><\/div>\r\n<div class=\"plan-description\">\r\n<ul class=\"bordered\">\r\n \t<li>CREC<\/li>\r\n \t<li>Monasteri<\/li>\r\n \t<li>Sant Josep<\/li>\r\n<\/ul>\r\n<\/div>\r\n<\/div>\r\n<\/div>\r\n<div class=\"colegios nofirst\">\r\n<div class=\"widget-title\">\r\n<h1 class=\"nomargin aligncenter\">Cantabria<\/h1>\r\n<\/div>\r\n<div class=\"plan-preview\">\r\n<div class=\"plan-price product-price\"><span class=\"amount\">Santander<\/span><\/div>\r\n<div class=\"plan-description\">\r\n<ul class=\"bordered\">\r\n \t<li>Colegio Esclavas<\/li>\r\n \t<li>Colegio Kostka<\/li>\r\n<\/ul>\r\n<\/div>\r\n<\/div>\r\n<\/div>\r\n<div class=\"colegios nofirst\">\r\n<div class=\"widget-title\">\r\n<h1 class=\"nomargin aligncenter\">Galicia<\/h1>\r\n<\/div>\r\n<div class=\"plan-preview\">\r\n<div class=\"plan-price product-price\"><span class=\"amount\">Santiago Compostela<\/span><\/div>\r\n<div class=\"plan-description\">\r\n<ul class=\"bordered\">\r\n \t<li>Peleteiro <img decoding=\"async\" src=\"https:\/\/camptecnologico.com\/inicio\/wp-content\/uploads\/2016\/09\/badge_colegio-de-calidad.jpg\" alt=\"badge_colegio-de-calidad\" width=\"18\" \/><\/li>\r\n \t<li>Salesianos Ourense<\/li>\r\n<\/ul>\r\n<\/div>\r\n<\/div>\r\n<\/div>\r\n<div class=\"clear\"><\/div>\r\n*<a href=\"http:\/\/www.elmundo.es\/mejores-colegios.html\" target=\"_blank\" rel=\"nofollow noopener noreferrer\">EL Mundo<\/a>\r\n","protected":false},"excerpt":{"rendered":"Un itinerari adaptat de 4 nivells per aprendre amb i sobre tecnologia La Rob\u00f2tica Educativa i la Tecnologia Educativa s\u00f3n el vehicle ideal per motivar els alumnes, els diverteix alhora que els facilita l&#8217;aprenentatge no nom\u00e9s de la inform\u00e0tica sin\u00f3 tamb\u00e9 d&#8217;altres mat\u00e8ries. Des de 2011 estem introduint als escolars en els seus primers passos [&hellip;]","protected":false},"author":55,"featured_media":20890,"parent":0,"menu_order":1,"comment_status":"closed","ping_status":"closed","template":"template-right.php","meta":{"footnotes":"","_links_to":"","_links_to_target":""},"class_list":["post-27023","page","type-page","status-publish","has-post-thumbnail","hentry"],"yoast_head":"<!-- This site is optimized with the Yoast SEO plugin v22.6 - https:\/\/yoast.com\/wordpress\/plugins\/seo\/ -->\n<title>Extraescolares de Tecnolog\u00eda<\/title>\n<meta name=\"description\" content=\"Extraescolares de Tecnolog\u00eda en tu centro escolar. Rob\u00f3tica Educativa, Videojuegos, Programaci\u00f3n, Minecraft, Impresi\u00f3n 3D \u00bfTe interesa? \u00a1Ponte en Contacto!\" \/>\n<meta name=\"robots\" content=\"noindex, follow, max-snippet:-1, max-image-preview:large, max-video-preview:-1\" \/>\n<meta property=\"og:locale\" content=\"es_ES\" \/>\n<meta property=\"og:type\" content=\"article\" \/>\n<meta property=\"og:title\" content=\"Extraescolares de Tecnolog\u00eda\" \/>\n<meta property=\"og:description\" content=\"Extraescolares de Tecnolog\u00eda en tu centro escolar. Rob\u00f3tica Educativa, Videojuegos, Programaci\u00f3n, Minecraft, Impresi\u00f3n 3D \u00bfTe interesa? \u00a1Ponte en Contacto!\" \/>\n<meta property=\"og:url\" content=\"https:\/\/camptecnologico.cat\/inicio\/extraescolars\/\" \/>\n<meta property=\"og:site_name\" content=\"Camp Tecnologico\" \/>\n<meta property=\"article:publisher\" content=\"https:\/\/www.facebook.com\/camptecnologico\/\" \/>\n<meta property=\"article:modified_time\" content=\"2018-03-28T09:12:20+00:00\" \/>\n<meta property=\"og:image\" content=\"https:\/\/camptecnologico.cat\/inicio\/wp-content\/uploads\/2016\/07\/extraescolares-camp-tecnologico-social.jpg\" \/>\n\t<meta property=\"og:image:width\" content=\"733\" \/>\n\t<meta property=\"og:image:height\" content=\"382\" \/>\n\t<meta property=\"og:image:type\" content=\"image\/jpeg\" \/>\n<meta name=\"twitter:card\" content=\"summary_large_image\" \/>\n<meta name=\"twitter:site\" content=\"@CampTecnologico\" \/>\n<meta name=\"twitter:label1\" content=\"Tiempo de lectura\" \/>\n\t<meta name=\"twitter:data1\" content=\"2 minutos\" \/>\n<!-- \/ Yoast SEO plugin. -->","yoast_head_json":{"title":"Extraescolares de Tecnolog\u00eda","description":"Extraescolares de Tecnolog\u00eda en tu centro escolar. Rob\u00f3tica Educativa, Videojuegos, Programaci\u00f3n, Minecraft, Impresi\u00f3n 3D \u00bfTe interesa? \u00a1Ponte en Contacto!","robots":{"index":"noindex","follow":"follow","max-snippet":"max-snippet:-1","max-image-preview":"max-image-preview:large","max-video-preview":"max-video-preview:-1"},"og_locale":"es_ES","og_type":"article","og_title":"Extraescolares de Tecnolog\u00eda","og_description":"Extraescolares de Tecnolog\u00eda en tu centro escolar. Rob\u00f3tica Educativa, Videojuegos, Programaci\u00f3n, Minecraft, Impresi\u00f3n 3D \u00bfTe interesa? \u00a1Ponte en Contacto!","og_url":"https:\/\/camptecnologico.cat\/inicio\/extraescolars\/","og_site_name":"Camp Tecnologico","article_publisher":"https:\/\/www.facebook.com\/camptecnologico\/","article_modified_time":"2018-03-28T09:12:20+00:00","og_image":[{"width":733,"height":382,"url":"https:\/\/camptecnologico.cat\/inicio\/wp-content\/uploads\/2016\/07\/extraescolares-camp-tecnologico-social.jpg","type":"image\/jpeg"}],"twitter_card":"summary_large_image","twitter_site":"@CampTecnologico","twitter_misc":{"Tiempo de lectura":"2 minutos"},"schema":{"@context":"https:\/\/schema.org","@graph":[{"@type":"WebPage","@id":"https:\/\/camptecnologico.cat\/inicio\/extraescolars\/","url":"https:\/\/camptecnologico.cat\/inicio\/extraescolars\/","name":"Extraescolares de Tecnolog\u00eda","isPartOf":{"@id":"https:\/\/camptecnologico.com\/inicio\/#website"},"primaryImageOfPage":{"@id":"https:\/\/camptecnologico.cat\/inicio\/extraescolars\/#primaryimage"},"image":{"@id":"https:\/\/camptecnologico.cat\/inicio\/extraescolars\/#primaryimage"},"thumbnailUrl":"https:\/\/camptecnologico.cat\/inicio\/wp-content\/uploads\/2016\/07\/extraescolares-camp-tecnologico-social.jpg","datePublished":"2017-06-13T13:46:33+00:00","dateModified":"2018-03-28T09:12:20+00:00","description":"Extraescolares de Tecnolog\u00eda en tu centro escolar. Rob\u00f3tica Educativa, Videojuegos, Programaci\u00f3n, Minecraft, Impresi\u00f3n 3D \u00bfTe interesa? \u00a1Ponte en Contacto!","breadcrumb":{"@id":"https:\/\/camptecnologico.cat\/inicio\/extraescolars\/#breadcrumb"},"inLanguage":"es","potentialAction":[{"@type":"ReadAction","target":["https:\/\/camptecnologico.cat\/inicio\/extraescolars\/"]}]},{"@type":"ImageObject","inLanguage":"es","@id":"https:\/\/camptecnologico.cat\/inicio\/extraescolars\/#primaryimage","url":"https:\/\/camptecnologico.cat\/inicio\/wp-content\/uploads\/2016\/07\/extraescolares-camp-tecnologico-social.jpg","contentUrl":"https:\/\/camptecnologico.cat\/inicio\/wp-content\/uploads\/2016\/07\/extraescolares-camp-tecnologico-social.jpg","width":733,"height":382,"caption":"Extraescolares de Camp Tecnologico ser realizan en los centros de ense\u00f1anza o en las sedes repartidas por la ciudades con talleres de Robotica Educativa, programacion de videojuegos, electronica divertida o minecraft"},{"@type":"BreadcrumbList","@id":"https:\/\/camptecnologico.cat\/inicio\/extraescolars\/#breadcrumb","itemListElement":[{"@type":"ListItem","position":1,"name":"Home","item":"https:\/\/camptecnologico.com\/"},{"@type":"ListItem","position":2,"name":"Tecnologia educativa i rob\u00f2tica"}]},{"@type":"WebSite","@id":"https:\/\/camptecnologico.com\/inicio\/#website","url":"https:\/\/camptecnologico.com\/inicio\/","name":"Camp Tecnologico","description":"Campamento tecnol\u00f3gico para ni\u00f1os y j\u00f3venes. Tecnolog\u00eda para ni\u00f1os. Minecraft.","publisher":{"@id":"https:\/\/camptecnologico.com\/inicio\/#organization"},"potentialAction":[{"@type":"SearchAction","target":{"@type":"EntryPoint","urlTemplate":"https:\/\/camptecnologico.com\/inicio\/?s={search_term_string}"},"query-input":"required name=search_term_string"}],"inLanguage":"es"},{"@type":"Organization","@id":"https:\/\/camptecnologico.com\/inicio\/#organization","name":"Camp Tecnol\u00f3gico","url":"https:\/\/camptecnologico.com\/inicio\/","logo":{"@type":"ImageObject","inLanguage":"es","@id":"https:\/\/camptecnologico.com\/inicio\/#\/schema\/logo\/image\/","url":"https:\/\/camptecnologico.com\/inicio\/wp-content\/uploads\/logo1.jpg","contentUrl":"https:\/\/camptecnologico.com\/inicio\/wp-content\/uploads\/logo1.jpg","width":120,"height":120,"caption":"Camp Tecnol\u00f3gico"},"image":{"@id":"https:\/\/camptecnologico.com\/inicio\/#\/schema\/logo\/image\/"},"sameAs":["https:\/\/www.facebook.com\/camptecnologico\/","https:\/\/x.com\/CampTecnologico","https:\/\/www.instagram.com\/camptecnologico\/","https:\/\/www.linkedin.com\/company\/camptecnol-gico","https:\/\/www.youtube.com\/user\/CampTecologico"]}]}},"_links":{"self":[{"href":"https:\/\/camptecnologico.cat\/inicio\/wp-json\/wp\/v2\/pages\/27023","targetHints":{"allow":["GET"]}}],"collection":[{"href":"https:\/\/camptecnologico.cat\/inicio\/wp-json\/wp\/v2\/pages"}],"about":[{"href":"https:\/\/camptecnologico.cat\/inicio\/wp-json\/wp\/v2\/types\/page"}],"author":[{"embeddable":true,"href":"https:\/\/camptecnologico.cat\/inicio\/wp-json\/wp\/v2\/users\/55"}],"replies":[{"embeddable":true,"href":"https:\/\/camptecnologico.cat\/inicio\/wp-json\/wp\/v2\/comments?post=27023"}],"version-history":[{"count":8,"href":"https:\/\/camptecnologico.cat\/inicio\/wp-json\/wp\/v2\/pages\/27023\/revisions"}],"predecessor-version":[{"id":32225,"href":"https:\/\/camptecnologico.cat\/inicio\/wp-json\/wp\/v2\/pages\/27023\/revisions\/32225"}],"wp:featuredmedia":[{"embeddable":true,"href":"https:\/\/camptecnologico.cat\/inicio\/wp-json\/wp\/v2\/media\/20890"}],"wp:attachment":[{"href":"https:\/\/camptecnologico.cat\/inicio\/wp-json\/wp\/v2\/media?parent=27023"}],"curies":[{"name":"wp","href":"https:\/\/api.w.org\/{rel}","templated":true}]}}